{"id":15,"date":"2020-02-01T20:55:55","date_gmt":"2020-02-01T19:55:55","guid":{"rendered":"http:\/\/www.filelavie.fr\/buen_provecho\/?page_id=15"},"modified":"2020-12-31T13:49:31","modified_gmt":"2020-12-31T12:49:31","slug":"recettes-de-a-a-z","status":"publish","type":"page","link":"https:\/\/www.filelavie.fr\/buen_provecho\/recettes-de-a-a-z\/","title":{"rendered":"Recettes de A \u00e0 Z"},"content":{"rendered":"\n<p class=\"has-text-align-center has-text-color has-large-font-size\" style=\"color:#6db2b9\"><strong>&#8211; A &#8211; <\/strong><\/p>\n\n\n\n<ul class=\"wp-block-list\"><li><a href=\"http:\/\/www.filelavie.fr\/buen_provecho\/index.php\/abricots-aperitifs-rotis-au-bacon\/\">Abricots ap\u00e9ritifs r\u00f4tis au bacon<\/a><\/li><li><a href=\"http:\/\/www.filelavie.fr\/buen_provecho\/index.php\/aubergines-gratinees-au-fromage\/\">Aubergines gratin\u00e9es au fromage<\/a><\/li><li><a href=\"http:\/\/www.filelavie.fr\/buen_provecho\/index.php\/aumoniere-de-foie-gras-et-saint-jacques\/\">Aum\u00f4ni\u00e8re de foie gras et Saint Jacques<\/a><\/li><\/ul>\n\n\n\n<p class=\"has-text-align-center has-text-color has-large-font-size\" style=\"color:#6db2b9\"><strong> &#8211; B &#8211;<\/strong><\/p>\n\n\n\n<ul class=\"wp-block-list\"><li><a href=\"http:\/\/www.filelavie.fr\/buen_provecho\/index.php\/batonnets-tomate-et-mozzarella\/\">B\u00e2tonnets tomate mozzarella<\/a><\/li><li><a href=\"http:\/\/www.filelavie.fr\/buen_provecho\/index.php\/biscuits-de-noel\/\">Biscuits de No\u00ebl<\/a><\/li><li><a href=\"http:\/\/www.filelavie.fr\/buen_provecho\/index.php\/blanquette-de-medaillons-de-lotte-et-langoustines-au-champagne\/\">Blanquette de m\u00e9daillons de lotte et langoustines au champagne<\/a><\/li><li><a href=\"http:\/\/www.filelavie.fr\/buen_provecho\/index.php\/blanquette-de-sole-aux-legumes-printaniers\/\">Blanquette de sole aux l\u00e9gumes printaniers<\/a><\/li><li><a href=\"http:\/\/www.filelavie.fr\/buen_provecho\/index.php\/blanquette-de-sole-aux-legumes-printaniers\/\">Blanquette de veau \u00e0  l&rsquo;ancienne<\/a><\/li><li><a href=\"http:\/\/www.filelavie.fr\/buen_provecho\/index.php\/bonbon-au-foie-gras\/\">Bonbon au foie gras<\/a><\/li><li><a href=\"http:\/\/www.filelavie.fr\/buen_provecho\/index.php\/bouillon-de-poule\/\">Bouillon de poule<\/a><\/li><li><a href=\"http:\/\/www.filelavie.fr\/buen_provecho\/index.php\/boulettes-de-porc-aux-pignons-et-coulis-de-tomate\/\">Boulettes de porc aux pignons et coulis de tomate<\/a><\/li><li><a href=\"http:\/\/www.filelavie.fr\/buen_provecho\/index.php\/boulettes-porc-et-poulet-a-la-ricotta-et-aux-cepes\/\">Boulettes porc et poulet \u00e0 la ricotta et aux c\u00e8pes<\/a><\/li><li><a href=\"http:\/\/www.filelavie.fr\/buen_provecho\/index.php\/boulgour-aux-patates-douces-et-epinards\/\">Boulgour aux patates douces et \u00e9pinards<\/a><\/li><li><a href=\"http:\/\/www.filelavie.fr\/buen_provecho\/index.php\/bricks-bleu-noix-pommes\/\">Bricks bleu-noix-pommes<\/a><\/li><li><a href=\"http:\/\/www.filelavie.fr\/buen_provecho\/index.php\/brochette-de-boudin-blanc-a-la-comporte-de-pomme\/\">Brochette de boudin blanc \u00e0  la comporte de pomme<\/a><\/li><li><a href=\"http:\/\/www.filelavie.fr\/buen_provecho\/index.php\/bechamel\/\">B\u00e9chamel<\/a><\/li><li><a href=\"http:\/\/www.filelavie.fr\/buen_provecho\/index.php\/buche-de-noel-aux-fruits-rouges\/\">B\u00fbche au fruits rouges<\/a><\/li><li><a href=\"http:\/\/www.filelavie.fr\/buen_provecho\/index.php\/buche-de-noel-au-poisson\/\">B\u00fbche de No\u00ebl au poisson<\/a><\/li><li><a href=\"http:\/\/www.filelavie.fr\/buen_provecho\/index.php\/buche-framboise-chocolat-blanc\/\">B\u00fbche framboise chocolat blanc<\/a><\/li><li><a href=\"http:\/\/www.filelavie.fr\/buen_provecho\/index.php\/buche-montagne-chocolat\/\">B\u00fbche montagne chocolat<\/a><\/li><li><a href=\"http:\/\/www.filelavie.fr\/buen_provecho\/index.php\/buche-tiramisu\/\">B\u00fbche tiramisu<\/a><\/li><li><a href=\"http:\/\/www.filelavie.fr\/buen_provecho\/index.php\/buche-tiramisu\/\">B\u00fbche au Pralin\u00e9, Noisettes et Chocolat Blanc<\/a><\/li><\/ul>\n\n\n\n<p class=\"has-text-align-center has-text-color has-large-font-size\" style=\"color:#6db2b9\"><strong>&#8211; C &#8211;<\/strong><\/p>\n\n\n\n<ul class=\"wp-block-list\" id=\"block-fd3a014f-d102-4bde-ae95-33042e7310f4\"><li><a href=\"http:\/\/www.filelavie.fr\/buen_provecho\/index.php\/cabillaud-a-la-bordelaise-et-sa-touche-de-tomate\/\">Cabillaud \u00e0 la bordelaise et sa touche de tomate<\/a><\/li><li><a href=\"http:\/\/www.filelavie.fr\/buen_provecho\/index.php\/cailles-farcies-accompagnees-de-fruits\/\">Cailles farcies accompagn\u00e9es de fruits<\/a><\/li><li><a href=\"http:\/\/www.filelavie.fr\/buen_provecho\/index.php\/cassolettes-boudin-blanc-saint-jacques-sauce-monbazillac-sur-lit-de-pommes\/\">Cassolettes boudin blanc, saint jacques, sauce sauternes sur lit de pommes<\/a><\/li><li><a href=\"http:\/\/www.filelavie.fr\/buen_provecho\/index.php\/cassoulet\/\">Cassoulet<\/a><\/li><li><a href=\"http:\/\/www.filelavie.fr\/buen_provecho\/index.php\/cassoulet-2eme-version\/\">Cassoulet (deuxi\u00e8me version)<\/a><\/li><li><a href=\"http:\/\/www.filelavie.fr\/buen_provecho\/index.php\/cazabouille\/\">Cazabouille<\/a><\/li><li><a href=\"http:\/\/www.filelavie.fr\/buen_provecho\/index.php\/ceviche-de-camaron-crevettes\/\">Ceviche de camaron (crevettes)<\/a><\/li><li><a href=\"http:\/\/www.filelavie.fr\/buen_provecho\/index.php\/charlotte-royale-au-chocolat\/\">Charlotte Royale au chocolat<\/a><\/li><li><a href=\"http:\/\/www.filelavie.fr\/buen_provecho\/index.php\/cheesecake\/\">Cheesecake<\/a><\/li><li><a href=\"http:\/\/www.filelavie.fr\/buen_provecho\/index.php\/cheesecake\/\">Chili con carne rapide<\/a><\/li><li><a href=\"http:\/\/www.filelavie.fr\/buen_provecho\/index.php\/chutney-de-mangue-et-des-de-foie-gras\/\">Chutney de mangue et d\u00e9s de foie gra<\/a>s<\/li><li><a href=\"http:\/\/www.filelavie.fr\/buen_provecho\/index.php\/cigarette-de-foie-gras-confit-doignons-au-cumin\/\">Cigarette de foie gras, confit d&rsquo;oignons au cumin<\/a><\/li><li><a href=\"http:\/\/www.filelavie.fr\/buen_provecho\/index.php\/confiture-doignon-rouges\/\">Confiture d&rsquo;oignon rouges<\/a><\/li><li><a href=\"http:\/\/www.filelavie.fr\/buen_provecho\/index.php\/confiture-de-noel-aux-fruits-secs\/\">Confiture de No\u00ebl aux fruits secs<\/a><\/li><li><a href=\"http:\/\/www.filelavie.fr\/buen_provecho\/index.php\/confitures-dhiver-aux-agrumes\/\">Confitures d&rsquo;hiver aux agrumes<\/a><\/li><li><a href=\"http:\/\/www.filelavie.fr\/buen_provecho\/index.php\/cookies\/\">Cookies<\/a><\/li><li><a href=\"http:\/\/www.filelavie.fr\/buen_provecho\/index.php\/cookies-noisette-et-sucre-brun\/\">Cookies noisette et sucre brun<\/a><\/li><li><a href=\"http:\/\/www.filelavie.fr\/buen_provecho\/index.php\/courge-roties-au-roquefort-et-aux-noix\/\">Courge r\u00f4tie au roquefort et aux noix<\/a><\/li><li><a href=\"http:\/\/www.filelavie.fr\/buen_provecho\/index.php\/couronne-de-courgettes-farcie\/\">Couronne de courgettes farcie<\/a><\/li><li><a href=\"http:\/\/www.filelavie.fr\/buen_provecho\/index.php\/curry-de-chou-fleur-roti-et-petits-pois-2\/\">Curry de chou-fleur r\u00f4ti et petits pois<\/a><\/li><li><a href=\"http:\/\/www.filelavie.fr\/buen_provecho\/index.php\/couscous-a-ma-maniere\/\">Couscous \u00e0 ma mani\u00e8re<\/a><\/li><li><a href=\"http:\/\/www.filelavie.fr\/buen_provecho\/index.php\/croustillant-de-boudin-blanc-aux-morilles\/\">Croustillant de boudin blanc aux morilles<\/a><\/li><li><a href=\"http:\/\/www.filelavie.fr\/buen_provecho\/index.php\/craqueles-au-chocolat\/\">Craquel\u00e9s au chocolat<\/a><\/li><li><a href=\"http:\/\/www.filelavie.fr\/buen_provecho\/index.php\/creme-brulee-au-parmesan-tomates-sechees-et-basilic\/\">Cr\u00e8me br\u00fbl\u00e9e au parmesan, tomates s\u00e9ch\u00e9es et basilic<\/a><\/li><li><a href=\"http:\/\/www.filelavie.fr\/buen_provecho\/index.php\/creme-de-coco-au-foie-gras\/\">Cr\u00e8me de coco au foie gras<\/a><\/li><li><a href=\"http:\/\/www.filelavie.fr\/buen_provecho\/index.php\/creme-de-lentilles-aux-saint-jacques\/\">Cr\u00e8me de lentilles aux Saint-Jacques<\/a><\/li><li><a href=\"http:\/\/www.filelavie.fr\/buen_provecho\/index.php\/cuilleres-a-la-mousse-de-poivrons\/\">Cuill\u00e8res \u00e0 la mousse de poivrons<\/a><\/li><\/ul>\n\n\n\n<p class=\"has-text-align-center has-text-color has-large-font-size\" style=\"color:#6db2b9\"><strong>&#8211; D &#8211;<\/strong><\/p>\n\n\n\n<ul class=\"wp-block-list\"><li> <a href=\"http:\/\/www.filelavie.fr\/buen_provecho\/index.php\/duo-de-cremes-gourmandes\/\">Duo de cr\u00e8mes gourmandes<\/a><\/li><\/ul>\n\n\n\n<p class=\"has-text-align-center has-text-color has-large-font-size\" style=\"color:#6db2b9\"><strong>&#8211; E &#8211;<\/strong><\/p>\n\n\n\n<ul class=\"wp-block-list\"><li><a href=\"http:\/\/www.filelavie.fr\/buen_provecho\/index.php\/empanadas-equatoriennes-a-la-viande\/\">Empanadas \u00e9quatoriennes \u00e0 la viande<\/a><\/li><li><a href=\"http:\/\/www.filelavie.fr\/buen_provecho\/index.php\/empanadas-equatoriennes-a-la-viande\/\">Empanadas de verde ecuatorianas<\/a><\/li><li><a href=\"http:\/\/www.filelavie.fr\/buen_provecho\/index.php\/empanadas-de-viento\/\">Empanadas de viento<\/a><\/li><li><a href=\"http:\/\/www.filelavie.fr\/buen_provecho\/index.php\/encebollado\/\">Encebollado<\/a><\/li><li><a href=\"http:\/\/www.filelavie.fr\/buen_provecho\/index.php\/epaule-dagneau-confites-aux-epices\/\">Epaule d&rsquo;agneau confites aux \u00e9pices<\/a><\/li><\/ul>\n\n\n\n<p class=\"has-text-align-center has-text-color has-large-font-size\" style=\"color:#6db2b9\"><strong>&#8211; F &#8211;<\/strong><\/p>\n\n\n\n<ul class=\"wp-block-list\"><li><a href=\"http:\/\/www.filelavie.fr\/buen_provecho\/index.php\/fabada-asturiana\/\">Fabada Asturiana<\/a><\/li><li><a href=\"http:\/\/www.filelavie.fr\/buen_provecho\/index.php\/fanesca\/\">Fanesca<\/a><\/li><li><a href=\"http:\/\/www.filelavie.fr\/buen_provecho\/index.php\/figues-au-foie-gras\/\">Figues au foie gras<\/a><\/li><li><a href=\"http:\/\/www.filelavie.fr\/buen_provecho\/index.php\/filet-mignon-de-porc-sauce-bbq\/\">Filet Mignon de porc, sauce BBQ<\/a><\/li><li><a href=\"http:\/\/www.filelavie.fr\/buen_provecho\/index.php\/fondant-chocolat-speculoos\/\">Fondant Chocolat &amp; Sp\u00e9culoos<\/a><\/li><\/ul>\n\n\n\n<p class=\"has-text-align-center has-text-color has-large-font-size\" style=\"color:#6db2b9\"><strong>&#8211; G &#8211;<\/strong><\/p>\n\n\n\n<ul class=\"wp-block-list\"><li><a href=\"http:\/\/www.filelavie.fr\/buen_provecho\/index.php\/galette-de-quinoa-au-parmesan\/\">Galette de quinoa au parmesan<\/a><\/li><li><a href=\"http:\/\/www.filelavie.fr\/buen_provecho\/index.php\/guagas-de-pan\/\">Guagas de pan<\/a><\/li><li><a href=\"http:\/\/www.filelavie.fr\/buen_provecho\/index.php\/gateau-aux-pommes\/\">G\u00e2teau aux pommes<\/a><\/li><\/ul>\n\n\n\n<p class=\"has-text-align-center has-text-color has-large-font-size\" style=\"color:#6db2b9\"><strong>&#8211; H &#8211;<\/strong><\/p>\n\n\n\n<ul class=\"wp-block-list\"><li><a href=\"http:\/\/www.filelavie.fr\/buen_provecho\/index.php\/hornado-de-chancho\/\">Hornado de chancho<\/a><\/li><\/ul>\n\n\n\n<p class=\"has-text-align-center has-text-color has-large-font-size\" style=\"color:#6db2b9\"><br><strong>&#8211; I &#8211;<\/strong><\/p>\n\n\n\n<p class=\"has-text-align-center has-text-color has-large-font-size\" style=\"color:#6db2b9\"><strong>&#8211; J &#8211;<\/strong><\/p>\n\n\n\n<p class=\"has-text-align-center has-text-color has-large-font-size\" style=\"color:#6db2b9\"><strong>&#8211; K &#8211;<\/strong><\/p>\n\n\n\n<p class=\"has-text-align-center has-text-color has-large-font-size\" style=\"color:#6db2b9\"><strong>&#8211; L &#8211;<\/strong> <\/p>\n\n\n\n<ul class=\"wp-block-list\"><li><a href=\"http:\/\/www.filelavie.fr\/buen_provecho\/index.php\/lasagne-de-riz-sans-viande\/\">Lasagne de riz sans viande<\/a><\/li><li><a href=\"http:\/\/www.filelavie.fr\/buen_provecho\/index.php\/legumes-caramelises-au-miel\/\">L\u00e9gumes caram\u00e9lis\u00e9s au miel<\/a><\/li><li><a href=\"http:\/\/www.filelavie.fr\/buen_provecho\/index.php\/lentilles-a-la-marocaine\/\">Lentilles \u00e0 la marocaine<\/a><\/li><li><a href=\"http:\/\/www.filelavie.fr\/buen_provecho\/index.php\/llapingachos\/\">Llapingachos<\/a><\/li><li><a href=\"http:\/\/www.filelavie.fr\/buen_provecho\/index.php\/locro-de-papa-soupe-de-patates\/\">Locro de papa (soupe de patates)<\/a><\/li><li><a href=\"http:\/\/www.filelavie.fr\/buen_provecho\/index.php\/lotte-au-chorizo-poivrons-et-pommes-de-terre-sautees-a-lail\/\">Lotte au chorizo, poivrons et pommes de terre saut\u00e9es \u00e0 l&rsquo;ail<\/a><\/li><li><a href=\"http:\/\/www.filelavie.fr\/buen_provecho\/index.php\/lotte-sauce-coriandre-et-coco\/\">Lotte sauce coriandre et coco<\/a><\/li><\/ul>\n\n\n\n<p class=\"has-text-align-center has-text-color has-large-font-size\" style=\"color:#6db2b9\"><strong>&#8211; M &#8211;<\/strong><\/p>\n\n\n\n<ul class=\"wp-block-list\" id=\"block-119238f9-a4e8-4232-8378-e53153a60410\"><li><a href=\"http:\/\/www.filelavie.fr\/buen_provecho\/index.php\/madeleines-au-chocolat\/\">Madeleines au chocolat<\/a><\/li><li><a href=\"http:\/\/www.filelavie.fr\/buen_provecho\/index.php\/magrets-de-canard-au-miel-a-lorange\/\">Magrets de Canard au miel \u00e0 l&rsquo;orange<\/a><\/li><li><a href=\"http:\/\/www.filelavie.fr\/buen_provecho\/index.php\/minestrone-vegetarien\/\">Minestrone v\u00e9g\u00e9tarien<\/a><\/li><li><a href=\"http:\/\/www.filelavie.fr\/buen_provecho\/index.php\/minestrone-des-andes\/\">Minestrone des Andes<\/a><\/li><li><a href=\"http:\/\/www.filelavie.fr\/buen_provecho\/index.php\/menestra-de-lentilles\/\">Menestra de lentilles<\/a><\/li><li><a href=\"http:\/\/www.filelavie.fr\/buen_provecho\/index.php\/mille-feuille-saint-jacques-et-saumon\/\">Mille feuille Saint-Jacques et saumon<\/a><\/li><li><a href=\"http:\/\/www.filelavie.fr\/buen_provecho\/index.php\/mini-legumes-glaces-a-lorange\/\">Mini l\u00e9gumes glac\u00e9s \u00e0 l&rsquo;orange<\/a><\/li><li><a href=\"http:\/\/www.filelavie.fr\/buen_provecho\/index.php\/mozzarella-pannee\/\">Mozarella pann\u00e9e<\/a><\/li><\/ul>\n\n\n\n<p class=\"has-text-align-center has-text-color has-large-font-size\" style=\"color:#6db2b9\"><strong>&#8211; N &#8211;<\/strong><\/p>\n\n\n\n<ul class=\"wp-block-list\"><li><a href=\"http:\/\/www.filelavie.fr\/buen_provecho\/index.php\/nems-de-gambas-a-la-coriandre-fraiche-et-sa-sauce-mangue\/\">Nems de gambas a la coriandre fra\u00eeche et sa sauce mangue<\/a> <\/li><\/ul>\n\n\n\n<p class=\"has-text-align-center has-text-color has-large-font-size\" style=\"color:#6db2b9\"><strong>&#8211; O &#8211;<\/strong><\/p>\n\n\n\n<ul class=\"wp-block-list\"><li> <a href=\"http:\/\/www.filelavie.fr\/buen_provecho\/index.php\/oeufs-de-caille-panes\/\">Oeufs de caille pan\u00e9s<\/a><\/li><li> <a href=\"http:\/\/www.filelavie.fr\/buen_provecho\/index.php\/oeufs-plats-en-neige\/\">Oeufs plats en neige<\/a><\/li><li><a href=\"http:\/\/www.filelavie.fr\/buen_provecho\/index.php\/oreo-maison\/\">Oreo maison<\/a><\/li><li><a href=\"http:\/\/www.filelavie.fr\/buen_provecho\/index.php\/osso-buco\/\">Osso Buco<\/a><\/li><\/ul>\n\n\n\n<p class=\"has-text-align-center has-text-color has-large-font-size\" style=\"color:#6db2b9\"><strong>&#8211; P &#8211;<\/strong><\/p>\n\n\n\n<ul class=\"wp-block-list\"><li><a href=\"http:\/\/www.filelavie.fr\/buen_provecho\/index.php\/paella\/\">Paella<\/a><\/li><li><a href=\"http:\/\/www.filelavie.fr\/buen_provecho\/index.php\/2020\/12\/30\/555\/\">Palmiers au chocolat<\/a><\/li><li><a href=\"http:\/\/www.filelavie.fr\/buen_provecho\/index.php\/pancakes-sales-express-aux-brocolis\/\">Pancakes sal\u00e9s express aux brocolis<\/a><\/li><li><a href=\"http:\/\/www.filelavie.fr\/buen_provecho\/index.php\/parmentier-de-poulet-au-potimaron\/\">Parmentier de poulet au potimaron<\/a><\/li><li><a href=\"http:\/\/www.filelavie.fr\/buen_provecho\/index.php\/patacones\/\">Patacones<\/a><\/li><li><a href=\"http:\/\/www.filelavie.fr\/buen_provecho\/index.php\/pate-a-popcake\/\">P\u00e2te \u00e0 PopCake<\/a><\/li><li><a href=\"http:\/\/www.filelavie.fr\/buen_provecho\/index.php\/pate-a-crepes-sucree-ou-salee\/\">P\u00e2te \u00e0 cr\u00eapes sucr\u00e9e ou sal\u00e9e<\/a><\/li><li><a href=\"http:\/\/www.filelavie.fr\/buen_provecho\/index.php\/pate-a-raviole-maison\/\">P\u00e2te \u00e0 raviole maison<\/a><\/li><li><a href=\"http:\/\/www.filelavie.fr\/buen_provecho\/index.php\/petits-flans-aux-courgettes\/\">Petits flans aux courgettes<\/a><\/li><li><a href=\"http:\/\/www.filelavie.fr\/buen_provecho\/index.php\/poisson-vapeur-et-riz-parfume\/\">Poisson vapeur et riz parfum\u00e9<\/a><\/li><li><a href=\"http:\/\/www.filelavie.fr\/buen_provecho\/index.php\/poelee-de-quinoa-aux-champignons-et-ciboule\/\">Po\u00eal\u00e9e de quinoa aux champignons et ciboule<\/a><\/li><li><a href=\"http:\/\/www.filelavie.fr\/buen_provecho\/index.php\/poelee-aux-haricots-blancs-artichauts-et-champignons\/\">Po\u00eal\u00e9e aux haricots blancs, artichauts et champignons<\/a><\/li><li><a href=\"http:\/\/www.filelavie.fr\/buen_provecho\/index.php\/poulet-sauce-chumichurri\/\">Poulet chumichurri <\/a><\/li><\/ul>\n\n\n\n<p class=\"has-text-align-center has-text-color has-large-font-size\" style=\"color:#6db2b9\"><strong>&#8211; Q &#8211;<\/strong><\/p>\n\n\n\n<p class=\"has-text-align-center has-text-color has-large-font-size\" style=\"color:#6db2b9\"><strong>&#8211; R &#8211;<\/strong><\/p>\n\n\n\n<ul class=\"wp-block-list\"><li> <a href=\"http:\/\/www.filelavie.fr\/buen_provecho\/index.php\/ravioles-aux-gambas\/\">Ravioles aux gambas<\/a><\/li><li> <a href=\"http:\/\/www.filelavie.fr\/buen_provecho\/index.php\/roules-de-courgettes-mozzarella\/\">Roul\u00e9s de courgettes, mozzarella<\/a><\/li><li><a href=\"http:\/\/www.filelavie.fr\/buen_provecho\/index.php\/royal-chocolat-praline\/\"> Royal chocolat pralin\u00e9<\/a><\/li><\/ul>\n\n\n\n<p class=\"has-text-align-center has-text-color has-large-font-size\" style=\"color:#6db2b9\"><strong>&#8211; S &#8211;<\/strong><\/p>\n\n\n\n<ul class=\"wp-block-list\"><li> <a href=\"http:\/\/www.filelavie.fr\/buen_provecho\/index.php\/sables-a-la-confiture-et-aux-couleurs-surprises\/\">Sabl\u00e9s \u00e0 la confiture et aux couleurs surprises<\/a><\/li><li> <a href=\"http:\/\/www.filelavie.fr\/buen_provecho\/index.php\/salade-quinoa-thon\/\" data-type=\"URL\" data-id=\"http:\/\/www.filelavie.fr\/buen_provecho\/index.php\/salade-quinoa-thon\/\">Salade concombre &#8211; thon<\/a><\/li><li> <a href=\"http:\/\/www.filelavie.fr\/buen_provecho\/index.php\/samoussas-chevre-et-viande\/\" data-type=\"URL\" data-id=\"http:\/\/www.filelavie.fr\/buen_provecho\/index.php\/samoussas-chevre-et-viande\/\">Samoussas ch\u00e8vre et viande<\/a><\/li><li> <a href=\"http:\/\/www.filelavie.fr\/buen_provecho\/index.php\/samoussas-chevre-et-viande\/\" data-type=\"URL\" data-id=\"http:\/\/www.filelavie.fr\/buen_provecho\/index.php\/samoussas-chevre-et-viande\/\">Sancocho Lojano<\/a><\/li><li> <a href=\"http:\/\/www.filelavie.fr\/buen_provecho\/index.php\/sango-de-verde-con-pescado\/\" data-type=\"URL\" data-id=\"http:\/\/www.filelavie.fr\/buen_provecho\/index.php\/sango-de-verde-con-pescado\/\">Sango de verde con pescado<\/a><\/li><li> <a href=\"http:\/\/www.filelavie.fr\/buen_provecho\/index.php\/sapin-de-noel\/\" data-type=\"URL\" data-id=\"http:\/\/www.filelavie.fr\/buen_provecho\/index.php\/sapin-de-noel\/\">Sapin de No\u00ebl<\/a><\/li><li> <a href=\"http:\/\/www.filelavie.fr\/buen_provecho\/index.php\/smoothie-bowl-vert\/\" data-type=\"URL\" data-id=\"http:\/\/www.filelavie.fr\/buen_provecho\/index.php\/smoothie-bowl-vert\/\">Smoothie bowl vert<\/a><\/li><li> <a href=\"http:\/\/www.filelavie.fr\/buen_provecho\/index.php\/soupe-de-potiron\/\" data-type=\"URL\" data-id=\"http:\/\/www.filelavie.fr\/buen_provecho\/index.php\/soupe-de-potiron\/\">Soupe de Potiron<\/a><\/li><li> <a href=\"http:\/\/www.filelavie.fr\/buen_provecho\/index.php\/soupe-du-ramadan\/\" data-type=\"URL\" data-id=\"http:\/\/www.filelavie.fr\/buen_provecho\/index.php\/soupe-du-ramadan\/\">Soupe du Ramadan<\/a><\/li><li> <a href=\"http:\/\/www.filelavie.fr\/buen_provecho\/index.php\/soupe-a-loignon\/\" data-type=\"URL\" data-id=\"http:\/\/www.filelavie.fr\/buen_provecho\/index.php\/soupe-a-loignon\/\">Soupe \u00e0  l&rsquo;oignon<\/a><\/li><\/ul>\n\n\n\n<p class=\"has-text-align-center has-text-color has-large-font-size\" style=\"color:#6db2b9\"><strong>&#8211; T &#8211;<\/strong><\/p>\n\n\n\n<ul class=\"wp-block-list\"><li> <a href=\"http:\/\/www.filelavie.fr\/buen_provecho\/index.php\/tajine-potimarron\/\" data-type=\"URL\" data-id=\"http:\/\/www.filelavie.fr\/buen_provecho\/index.php\/tajine-potimarron\/\">Tajine potimarron<\/a><\/li><li> <a href=\"http:\/\/www.filelavie.fr\/buen_provecho\/index.php\/tartelettes-au-hachis-parmentier\/\" data-type=\"URL\" data-id=\"http:\/\/www.filelavie.fr\/buen_provecho\/index.php\/tartelettes-au-hachis-parmentier\/\">Tartelettes hachis Parmentier<\/a><\/li><li> <a href=\"http:\/\/www.filelavie.fr\/buen_provecho\/index.php\/tamales-lojanos\/\" data-type=\"URL\" data-id=\"http:\/\/www.filelavie.fr\/buen_provecho\/index.php\/tamales-lojanos\/\">Tamales lojanos<\/a><\/li><li> <a href=\"http:\/\/www.filelavie.fr\/buen_provecho\/index.php\/tartare-de-saumon-sur-lit-de-riz\/\" data-type=\"URL\" data-id=\"http:\/\/www.filelavie.fr\/buen_provecho\/index.php\/tartare-de-saumon-sur-lit-de-riz\/\">Tartare de saumon sur lit de riz<\/a><\/li><li> <a href=\"http:\/\/www.filelavie.fr\/buen_provecho\/index.php\/tarte-aux-legumes\/\" data-type=\"URL\" data-id=\"http:\/\/www.filelavie.fr\/buen_provecho\/index.php\/tarte-aux-legumes\/\">Tarte aux l\u00e9gumes<\/a><\/li><li> <a href=\"http:\/\/www.filelavie.fr\/buen_provecho\/index.php\/tartelettes-au-hachis-parmentier-2\/\" data-type=\"URL\" data-id=\"http:\/\/www.filelavie.fr\/buen_provecho\/index.php\/tartelettes-au-hachis-parmentier-2\/\">Tartelettes au hachis Parmentier<\/a><\/li><li> <a href=\"http:\/\/www.filelavie.fr\/buen_provecho\/index.php\/terrine-aux-deux-saumons\/\" data-type=\"URL\" data-id=\"http:\/\/www.filelavie.fr\/buen_provecho\/index.php\/terrine-aux-deux-saumons\/\">Terrine aux deux saumons<\/a><\/li><\/ul>\n\n\n\n<p class=\"has-text-align-center has-text-color has-large-font-size\" style=\"color:#6db2b9\"><strong>&#8211; U &#8211;<\/strong><\/p>\n\n\n\n<p class=\"has-text-align-center has-text-color has-large-font-size\" style=\"color:#6db2b9\"><strong>&#8211; V &#8211;<\/strong><\/p>\n\n\n\n<p class=\"has-text-align-center has-text-color has-large-font-size\" style=\"color:#6db2b9\"><strong>&#8211; W &#8211;<\/strong><\/p>\n\n\n\n<p class=\"has-text-align-center has-text-color has-large-font-size\" style=\"color:#6db2b9\"><strong>&#8211; X &#8211;<\/strong><\/p>\n\n\n\n<p class=\"has-text-align-center has-text-color has-large-font-size\" style=\"color:#6db2b9\"><strong>&#8211; Z &#8211;<\/strong><\/p>\n","protected":false},"excerpt":{"rendered":"<p>&#8211; A &#8211; Abricots ap\u00e9ritifs r\u00f4tis au bacon Aubergines gratin\u00e9es au fromage Aum\u00f4ni\u00e8re de foie gras et Saint Jacques &#8211; B &#8211; B\u00e2tonnets tomate mozzarella Biscuits de No\u00ebl Blanquette de m\u00e9daillons de lotte et langoustines au champagne Blanquette de sole aux l\u00e9gumes printaniers Blanquette de veau \u00e0 l&rsquo;ancienne Bonbon au foie gras Bouillon de poule &hellip; <\/p>\n<p class=\"link-more mt-4\"><a href=\"https:\/\/www.filelavie.fr\/buen_provecho\/recettes-de-a-a-z\/\" class=\"more-link text-dark\">La suite&#8230;<span class=\"screen-reader-text\"> \u00ab\u00a0Recettes de A \u00e0 Z\u00a0\u00bb<\/span><\/a><\/p>\n","protected":false},"author":1,"featured_media":0,"parent":0,"menu_order":0,"comment_status":"closed","ping_status":"closed","template":"","meta":{"footnotes":""},"class_list":["post-15","page","type-page","status-publish","hentry"],"_links":{"self":[{"href":"https:\/\/www.filelavie.fr\/buen_provecho\/wp-json\/wp\/v2\/pages\/15","targetHints":{"allow":["GET"]}}],"collection":[{"href":"https:\/\/www.filelavie.fr\/buen_provecho\/wp-json\/wp\/v2\/pages"}],"about":[{"href":"https:\/\/www.filelavie.fr\/buen_provecho\/wp-json\/wp\/v2\/types\/page"}],"author":[{"embeddable":true,"href":"https:\/\/www.filelavie.fr\/buen_provecho\/wp-json\/wp\/v2\/users\/1"}],"replies":[{"embeddable":true,"href":"https:\/\/www.filelavie.fr\/buen_provecho\/wp-json\/wp\/v2\/comments?post=15"}],"version-history":[{"count":32,"href":"https:\/\/www.filelavie.fr\/buen_provecho\/wp-json\/wp\/v2\/pages\/15\/revisions"}],"predecessor-version":[{"id":675,"href":"https:\/\/www.filelavie.fr\/buen_provecho\/wp-json\/wp\/v2\/pages\/15\/revisions\/675"}],"wp:attachment":[{"href":"https:\/\/www.filelavie.fr\/buen_provecho\/wp-json\/wp\/v2\/media?parent=15"}],"curies":[{"name":"wp","href":"https:\/\/api.w.org\/{rel}","templated":true}]}}